{"id":9454,"date":"2021-09-13T06:26:28","date_gmt":"2021-09-13T12:26:28","guid":{"rendered":"http:\/\/www.floresdenieve.cepe.unam.mx\/blog\/?page_id=9454"},"modified":"2023-10-10T08:33:11","modified_gmt":"2023-10-10T14:33:11","slug":"foro","status":"publish","type":"page","link":"https:\/\/floresdenieve.cepe.unam.mx\/blog\/index.php\/foro\/","title":{"rendered":"FOROS DE ACTIVIDADES DID\u00c1CTICAS"},"content":{"rendered":"<h4><a href=\"http:\/\/www.floresdenieve.cepe.unam.mx\/blog\/wp-content\/uploads\/2021\/09\/logo-nuevo-2021.jpg\"><img decoding=\"async\" loading=\"lazy\" class=\"alignleft wp-image-9456\" src=\"http:\/\/www.floresdenieve.cepe.unam.mx\/blog\/wp-content\/uploads\/2021\/09\/logo-nuevo-2021.jpg\" alt=\"\" width=\"219\" height=\"90\" srcset=\"https:\/\/floresdenieve.cepe.unam.mx\/blog\/wp-content\/uploads\/2021\/09\/logo-nuevo-2021.jpg 453w, https:\/\/floresdenieve.cepe.unam.mx\/blog\/wp-content\/uploads\/2021\/09\/logo-nuevo-2021-300x123.jpg 300w\" sizes=\"(max-width: 219px) 100vw, 219px\" \/><\/a><\/h4>\n<h4>\u00a0<strong>Espacio para las actividades did\u00e1cticas basadas en textos de <em>Flores\u00a0 de Nieve<\/em><\/strong><\/h4>\n<p>&nbsp;<\/p>\n<p><span style=\"color: #ff6600;\"><a style=\"color: #ff6600;\" href=\"https:\/\/floresdenieve.cepe.unam.mx\/blog\/?p=11082\" target=\"_blank\" rel=\"noopener\">FORO Aventuras y an\u00e9cdotas<\/a><\/span><\/p>\n<p><a href=\"https:\/\/floresdenieve.cepe.unam.mx\/blog\/index.php\/2023\/07\/28\/te-acuerdas-primaria\/\" target=\"_blank\" rel=\"noopener\">FORO Las escuelas en mi pa\u00eds 1<\/a><\/p>\n<p><a href=\"https:\/\/floresdenieve.cepe.unam.mx\/blog\/index.php\/2000\/07\/28\/seccion-iii-a-como-era-tu-escuela\/\" target=\"_blank\" rel=\"noopener\">FORO Las escuelas en mi pa\u00eds 2<\/a><\/p>\n<p><span style=\"color: #0000ff;\"><a style=\"color: #0000ff;\" href=\"https:\/\/floresdenieve.cepe.unam.mx\/blog\/index.php\/2000\/12\/02\/foro-1-entrevistas-interculturales\/\" target=\"_blank\" rel=\"noopener\">FORO\u00a0 Entrevistas interculturales 1<\/a><\/span><\/p>\n<p><span style=\"color: #0000ff;\"><a style=\"color: #0000ff;\" href=\"https:\/\/floresdenieve.cepe.unam.mx\/blog\/index.php\/2000\/12\/02\/entrevistas-interculturales-2\/\" target=\"_blank\" rel=\"noopener\">FORO\u00a0 Entrevistas interculturales 2<\/a><\/span><\/p>\n<p><a href=\"https:\/\/floresdenieve.cepe.unam.mx\/blog\/index.php\/2000\/12\/02\/foro-amor-y-amistad\/\" target=\"_blank\" rel=\"noopener\"><span style=\"color: #0000ff;\">FORO Amor y amistad<\/span><\/a><\/p>\n<p><a href=\"https:\/\/floresdenieve.cepe.unam.mx\/blog\/index.php\/2000\/08\/05\/foro-2-amor-y-amistad\/\" target=\"_blank\" rel=\"noopener\"><span style=\"color: #0000ff;\">FORO Amor y amistad 2<\/span><\/a><\/p>\n<p><a href=\"https:\/\/floresdenieve.cepe.unam.mx\/blog\/index.php\/2000\/07\/14\/foro-de-gramatica\/\" target=\"_blank\" rel=\"noopener\"><span style=\"color: #0000ff;\">FORO de Gram\u00e1tica<\/span><\/a><\/p>\n<p><span style=\"color: #0000ff;\"><a style=\"color: #0000ff;\" href=\"https:\/\/floresdenieve.cepe.unam.mx\/blog\/index.php\/2023\/03\/31\/foro-lenguas-y-comunidades\/\" target=\"_blank\" rel=\"noopener\">FORO Lenguas y Comunidades<\/a><\/span><\/p>\n<p><span style=\"color: #ff6600;\">FORO<\/span> <span style=\"color: #ff6600;\"><em><a style=\"color: #ff6600;\" href=\"https:\/\/floresdenieve.cepe.unam.mx\/blog\/index.php\/2023\/05\/03\/foro-mujeres-hacen-historia\/\" target=\"_blank\" rel=\"noopener\">Las mujeres hacen historia<\/a><\/em><\/span><\/p>\n<p><span style=\"color: #ff6600;\">FORO <em><a style=\"color: #ff6600;\" href=\"https:\/\/floresdenieve.cepe.unam.mx\/blog\/index.php\/2023\/05\/03\/foro-roma\/\" target=\"_blank\" rel=\"noopener\">En Roma como los romanos<\/a><\/em><\/span><\/p>\n<p><span style=\"color: #ff6600;\">FORO <em><a style=\"color: #ff6600;\" href=\"https:\/\/floresdenieve.cepe.unam.mx\/blog\/index.php\/2023\/05\/04\/foro-lugares\" target=\"_blank\" rel=\"noopener\">Los lugares m\u00e1s extra\u00f1os para visitar<\/a><\/em><\/span><\/p>\n<p><a href=\"https:\/\/floresdenieve.cepe.unam.mx\/blog\/index.php\/2000\/08\/12\/foro-viaje-tiempo\/\" target=\"_blank\" rel=\"noopener\"><span style=\"color: #0000ff;\">FORO Un viaje en el Tiempo<\/span><\/a><\/p>\n","protected":false},"excerpt":{"rendered":"<p>\u00a0Espacio para las actividades did\u00e1cticas basadas en textos de Flores\u00a0 de Nieve &nbsp; FORO Aventuras y an\u00e9cdotas FORO Las escuelas en mi pa\u00eds 1 FORO Las escuelas en mi pa\u00eds 2 FORO\u00a0 Entrevistas interculturales 1 FORO\u00a0 Entrevistas interculturales 2 FORO Amor y amistad FORO Amor y amistad 2 FORO de Gram\u00e1tica FORO Lenguas y Comunidades &hellip; <a href=\"https:\/\/floresdenieve.cepe.unam.mx\/blog\/index.php\/foro\/\" class=\"more-link\">Seguir leyendo <span class=\"screen-reader-text\">FOROS DE ACTIVIDADES DID\u00c1CTICAS<\/span> <span class=\"meta-nav\">&rarr;<\/span><\/a><\/p>\n","protected":false},"author":1,"featured_media":0,"parent":0,"menu_order":0,"comment_status":"open","ping_status":"open","template":"","meta":{"footnotes":""},"_links":{"self":[{"href":"https:\/\/floresdenieve.cepe.unam.mx\/blog\/index.php\/wp-json\/wp\/v2\/pages\/9454"}],"collection":[{"href":"https:\/\/floresdenieve.cepe.unam.mx\/blog\/index.php\/wp-json\/wp\/v2\/pages"}],"about":[{"href":"https:\/\/floresdenieve.cepe.unam.mx\/blog\/index.php\/wp-json\/wp\/v2\/types\/page"}],"author":[{"embeddable":true,"href":"https:\/\/floresdenieve.cepe.unam.mx\/blog\/index.php\/wp-json\/wp\/v2\/users\/1"}],"replies":[{"embeddable":true,"href":"https:\/\/floresdenieve.cepe.unam.mx\/blog\/index.php\/wp-json\/wp\/v2\/comments?post=9454"}],"version-history":[{"count":33,"href":"https:\/\/floresdenieve.cepe.unam.mx\/blog\/index.php\/wp-json\/wp\/v2\/pages\/9454\/revisions"}],"predecessor-version":[{"id":11087,"href":"https:\/\/floresdenieve.cepe.unam.mx\/blog\/index.php\/wp-json\/wp\/v2\/pages\/9454\/revisions\/11087"}],"wp:attachment":[{"href":"https:\/\/floresdenieve.cepe.unam.mx\/blog\/index.php\/wp-json\/wp\/v2\/media?parent=9454"}],"curies":[{"name":"wp","href":"https:\/\/api.w.org\/{rel}","templated":true}]}}