{"id":7597,"date":"2018-01-14T23:38:11","date_gmt":"2018-01-15T05:38:11","guid":{"rendered":"http:\/\/www.floresdenieve.cepe.unam.mx\/blog\/?page_id=7597"},"modified":"2018-01-14T23:42:09","modified_gmt":"2018-01-15T05:42:09","slug":"quienes-somos","status":"publish","type":"page","link":"https:\/\/floresdenieve.cepe.unam.mx\/blog\/index.php\/quienes-somos\/","title":{"rendered":"\u00bfQui\u00e9nes somos?"},"content":{"rendered":"<p>Editora responsable: <strong>Emma Jim\u00e9nez Llamas.\u00a0<\/strong>Profesora de Espa\u00f1ol\u00a0 en CEPE-UNAM<\/p>\n<p>Gesti\u00f3n del blog: <strong>Gonzalo Lara.\u00a0<\/strong>Profesor de Espa\u00f1ol\u00a0 \u00a0 \u00a0 \u00a0 \u00a0 \u00a0 \u00a0 \u00a0 \u00a0 \u00a0 \u00a0 \u00a0 \u00a0 \u00a0 \u00a0 \u00a0 en CEPE-Polanco<\/p>\n<p>Apoyo t\u00e9cnico: <strong>Departamento de Tecnolog\u00eda Educativa y C\u00f3mputo\u00a0<\/strong><\/p>\n","protected":false},"excerpt":{"rendered":"<p>Editora responsable: Emma Jim\u00e9nez Llamas.\u00a0Profesora de Espa\u00f1ol\u00a0 en CEPE-UNAM Gesti\u00f3n del blog: Gonzalo Lara.\u00a0Profesor de Espa\u00f1ol\u00a0 \u00a0 \u00a0 \u00a0 \u00a0 \u00a0 \u00a0 \u00a0 \u00a0 \u00a0 \u00a0 \u00a0 \u00a0 \u00a0 \u00a0 \u00a0 en CEPE-Polanco Apoyo t\u00e9cnico: Departamento de Tecnolog\u00eda Educativa y C\u00f3mputo\u00a0<\/p>\n","protected":false},"author":1,"featured_media":0,"parent":0,"menu_order":0,"comment_status":"closed","ping_status":"closed","template":"","meta":{"footnotes":""},"_links":{"self":[{"href":"https:\/\/floresdenieve.cepe.unam.mx\/blog\/index.php\/wp-json\/wp\/v2\/pages\/7597"}],"collection":[{"href":"https:\/\/floresdenieve.cepe.unam.mx\/blog\/index.php\/wp-json\/wp\/v2\/pages"}],"about":[{"href":"https:\/\/floresdenieve.cepe.unam.mx\/blog\/index.php\/wp-json\/wp\/v2\/types\/page"}],"author":[{"embeddable":true,"href":"https:\/\/floresdenieve.cepe.unam.mx\/blog\/index.php\/wp-json\/wp\/v2\/users\/1"}],"replies":[{"embeddable":true,"href":"https:\/\/floresdenieve.cepe.unam.mx\/blog\/index.php\/wp-json\/wp\/v2\/comments?post=7597"}],"version-history":[{"count":5,"href":"https:\/\/floresdenieve.cepe.unam.mx\/blog\/index.php\/wp-json\/wp\/v2\/pages\/7597\/revisions"}],"predecessor-version":[{"id":7602,"href":"https:\/\/floresdenieve.cepe.unam.mx\/blog\/index.php\/wp-json\/wp\/v2\/pages\/7597\/revisions\/7602"}],"wp:attachment":[{"href":"https:\/\/floresdenieve.cepe.unam.mx\/blog\/index.php\/wp-json\/wp\/v2\/media?parent=7597"}],"curies":[{"name":"wp","href":"https:\/\/api.w.org\/{rel}","templated":true}]}}