{"id":7356,"date":"2017-06-12T12:20:22","date_gmt":"2017-06-12T18:20:22","guid":{"rendered":"http:\/\/www.floresdenieve.cepe.unam.mx\/blog\/?page_id=7356"},"modified":"2017-06-12T13:10:40","modified_gmt":"2017-06-12T19:10:40","slug":"sobre-la-isla-de-mi-mama","status":"publish","type":"page","link":"https:\/\/floresdenieve.cepe.unam.mx\/blog\/index.php\/nuestros-paises-2\/japon\/sobre-la-isla-de-mi-mama\/","title":{"rendered":"Sobre la isla de mi mam\u00e1"},"content":{"rendered":"<p><b class=\"fn\">Chika Fujiwara<\/b><\/p>\n<p>Mi mam\u00e1 naci\u00f3 en una isla peque\u00f1a de las islas Goto. Es un grupo de islas en Jap\u00f3n. Hay cinco islas. Una de las islas es de mi mam\u00e1.<\/p>\n<p>Localizadas en el mar de la China oriental, al oeste de la isla de Kyusyu.\u00a0Esa isla est\u00e1 rodea por el mar. Entonces \u00a1la vista es maravillosa!\u00a0En esa isla hay cinco iglesias cat\u00f3licas que tienen una historia importante.<\/p>\n<p>Cuando mi mam\u00e1 era ni\u00f1a, frecuentemente iba a la iglesia.<br \/>\nLos japoneses y mi mam\u00e1 no tienen religi\u00f3n, pero la iglesia se abre para todos. Entonces todos amaban las iglesias. Ese grupo de islas est\u00e1 en NAGASAKI. Por eso tiene historia importante desde la Segunda Guerra Mundial.<\/p>\n<p>Cuando yo era ni\u00f1a, a veces mi abuela me la contaba. Muchos soldados hu\u00edan del campo de batalla a esa isla. Nuestras abuelas los ayudaban. Por supuesto, las iglesias tambi\u00e9n. En 2007, cuatro iglesias de Goto se inscribieron como Patrimonio de la Humanidad.<\/p>\n<p>Recomiendo que ustedes vayan a esa isla para conocer la historia de Jap\u00f3n.<\/p>\n<p><img decoding=\"async\" loading=\"lazy\" class=\"alignnone size-medium\" src=\"http:\/\/sobre-japon.com\/wp-content\/uploads\/islas-goto.jpg\" alt=\"\" width=\"500\" height=\"334\" \/><\/p>\n","protected":false},"excerpt":{"rendered":"<p>Chika Fujiwara Mi mam\u00e1 naci\u00f3 en una isla peque\u00f1a de las islas Goto. Es un grupo de islas en Jap\u00f3n. Hay cinco islas. Una de las islas es de mi mam\u00e1. Localizadas en el mar de la China oriental, al oeste de la isla de Kyusyu.\u00a0Esa isla est\u00e1 rodea por el mar. Entonces \u00a1la vista &hellip; <a href=\"https:\/\/floresdenieve.cepe.unam.mx\/blog\/index.php\/nuestros-paises-2\/japon\/sobre-la-isla-de-mi-mama\/\" class=\"more-link\">Seguir leyendo <span class=\"screen-reader-text\">Sobre la isla de mi mam\u00e1<\/span> <span class=\"meta-nav\">&rarr;<\/span><\/a><\/p>\n","protected":false},"author":1,"featured_media":0,"parent":6942,"menu_order":0,"comment_status":"open","ping_status":"open","template":"","meta":{"footnotes":""},"_links":{"self":[{"href":"https:\/\/floresdenieve.cepe.unam.mx\/blog\/index.php\/wp-json\/wp\/v2\/pages\/7356"}],"collection":[{"href":"https:\/\/floresdenieve.cepe.unam.mx\/blog\/index.php\/wp-json\/wp\/v2\/pages"}],"about":[{"href":"https:\/\/floresdenieve.cepe.unam.mx\/blog\/index.php\/wp-json\/wp\/v2\/types\/page"}],"author":[{"embeddable":true,"href":"https:\/\/floresdenieve.cepe.unam.mx\/blog\/index.php\/wp-json\/wp\/v2\/users\/1"}],"replies":[{"embeddable":true,"href":"https:\/\/floresdenieve.cepe.unam.mx\/blog\/index.php\/wp-json\/wp\/v2\/comments?post=7356"}],"version-history":[{"count":1,"href":"https:\/\/floresdenieve.cepe.unam.mx\/blog\/index.php\/wp-json\/wp\/v2\/pages\/7356\/revisions"}],"predecessor-version":[{"id":7357,"href":"https:\/\/floresdenieve.cepe.unam.mx\/blog\/index.php\/wp-json\/wp\/v2\/pages\/7356\/revisions\/7357"}],"up":[{"embeddable":true,"href":"https:\/\/floresdenieve.cepe.unam.mx\/blog\/index.php\/wp-json\/wp\/v2\/pages\/6942"}],"wp:attachment":[{"href":"https:\/\/floresdenieve.cepe.unam.mx\/blog\/index.php\/wp-json\/wp\/v2\/media?parent=7356"}],"curies":[{"name":"wp","href":"https:\/\/api.w.org\/{rel}","templated":true}]}}