{"id":7340,"date":"2017-06-12T08:20:10","date_gmt":"2017-06-12T14:20:10","guid":{"rendered":"http:\/\/www.floresdenieve.cepe.unam.mx\/blog\/?page_id=7340"},"modified":"2024-06-23T16:36:20","modified_gmt":"2024-06-23T22:36:20","slug":"la-cocina-tipica-de-brasil","status":"publish","type":"page","link":"https:\/\/floresdenieve.cepe.unam.mx\/blog\/index.php\/nuestros-paises-2\/brasil\/la-cocina-tipica-de-brasil\/","title":{"rendered":"La cocina t\u00edpica de Brasil"},"content":{"rendered":"<p><b class=\"fn\">Marcella Fortuna Elias Pinho<\/b><\/p>\n<p>Brasil es muy conocido por playas y Carnaval, pero tambi\u00e9n podr\u00eda ser conocido por su cocina. Si van a m\u00ed pa\u00eds, les recomiendo que prueben \u201cfeijoada\u201d, que es un platillo muy t\u00edpico hecho de frijoles negros y carne de cerdo. Los brasile\u00f1os tienen la costumbre de comerla con arroz, naranja, col, pl\u00e1tano frito, chicharr\u00f3n y farofa (harina de mandioca). Es muy f\u00e1cil encontrarla en restaurantes los mi\u00e9rcoles y s\u00e1bados, siempre en almuerzo porque es una comida muy pesada.<\/p>\n<p>Otro platillo que a m\u00ed me encanta y es muy sencillo se llama \u201cPicadinho\u201d que muchas tiendas venden los lunes y es hecho de carne de res, frijoles, arroz, huevo, farofa y pastel (en Brasil, pastel es una masa frita y salada con relleno salado o dulce).<\/p>\n<p>Tambi\u00e9n es buena idea que experimenten el \u201cbrigadeiro\u201d, un dulce brasile\u00f1o hecho de la lechera, chocolate en polvo y mantequilla. En muchos restaurantes es posible probar el \u201cbrigadeiro de panela\u201d (olla), que es mi favorito.<\/p>\n<p>Y deben experimentar \u201ccaipirinha\u201d, la bebida t\u00edpica de Brasil. La original es hecha con cachaza, lim\u00f3n, az\u00facar y hielo, pero a m\u00ed me gusta m\u00e1s con vodka (\u201ccaipiroska\u201d) y en casi todas las tiendas es posible cambiar el lim\u00f3n por otras frutas, como fresas, pi\u00f1a\u2026<\/p>\n<p>\u00a1Cuando puedan, visiten Brasil!<\/p>\n<p><a href=\"https:\/\/floresdenieve.cepe.unam.mx\/blog\/wp-content\/uploads\/2024\/06\/farofa.jpg\"><img decoding=\"async\" loading=\"lazy\" class=\"alignleft  wp-image-11865\" src=\"https:\/\/floresdenieve.cepe.unam.mx\/blog\/wp-content\/uploads\/2024\/06\/farofa.jpg\" alt=\"\" width=\"216\" height=\"144\" srcset=\"https:\/\/floresdenieve.cepe.unam.mx\/blog\/wp-content\/uploads\/2024\/06\/farofa.jpg 621w, https:\/\/floresdenieve.cepe.unam.mx\/blog\/wp-content\/uploads\/2024\/06\/farofa-300x200.jpg 300w\" sizes=\"(max-width: 216px) 100vw, 216px\" \/><\/a><\/p>\n<p>&nbsp;<\/p>\n<p>&nbsp;<\/p>\n<p>&nbsp;<\/p>\n<h6><span style=\"color: #808080;\">imagen: KamranAydinov en freepik.com<\/span><\/h6>\n<p>&nbsp;<\/p>\n","protected":false},"excerpt":{"rendered":"<p>Marcella Fortuna Elias Pinho Brasil es muy conocido por playas y Carnaval, pero tambi\u00e9n podr\u00eda ser conocido por su cocina. Si van a m\u00ed pa\u00eds, les recomiendo que prueben \u201cfeijoada\u201d, que es un platillo muy t\u00edpico hecho de frijoles negros y carne de cerdo. Los brasile\u00f1os tienen la costumbre de comerla con arroz, naranja, col, &hellip; <a href=\"https:\/\/floresdenieve.cepe.unam.mx\/blog\/index.php\/nuestros-paises-2\/brasil\/la-cocina-tipica-de-brasil\/\" class=\"more-link\">Seguir leyendo <span class=\"screen-reader-text\">La cocina t\u00edpica de Brasil<\/span> <span class=\"meta-nav\">&rarr;<\/span><\/a><\/p>\n","protected":false},"author":1,"featured_media":0,"parent":7326,"menu_order":0,"comment_status":"open","ping_status":"open","template":"","meta":{"footnotes":""},"_links":{"self":[{"href":"https:\/\/floresdenieve.cepe.unam.mx\/blog\/index.php\/wp-json\/wp\/v2\/pages\/7340"}],"collection":[{"href":"https:\/\/floresdenieve.cepe.unam.mx\/blog\/index.php\/wp-json\/wp\/v2\/pages"}],"about":[{"href":"https:\/\/floresdenieve.cepe.unam.mx\/blog\/index.php\/wp-json\/wp\/v2\/types\/page"}],"author":[{"embeddable":true,"href":"https:\/\/floresdenieve.cepe.unam.mx\/blog\/index.php\/wp-json\/wp\/v2\/users\/1"}],"replies":[{"embeddable":true,"href":"https:\/\/floresdenieve.cepe.unam.mx\/blog\/index.php\/wp-json\/wp\/v2\/comments?post=7340"}],"version-history":[{"count":2,"href":"https:\/\/floresdenieve.cepe.unam.mx\/blog\/index.php\/wp-json\/wp\/v2\/pages\/7340\/revisions"}],"predecessor-version":[{"id":11866,"href":"https:\/\/floresdenieve.cepe.unam.mx\/blog\/index.php\/wp-json\/wp\/v2\/pages\/7340\/revisions\/11866"}],"up":[{"embeddable":true,"href":"https:\/\/floresdenieve.cepe.unam.mx\/blog\/index.php\/wp-json\/wp\/v2\/pages\/7326"}],"wp:attachment":[{"href":"https:\/\/floresdenieve.cepe.unam.mx\/blog\/index.php\/wp-json\/wp\/v2\/media?parent=7340"}],"curies":[{"name":"wp","href":"https:\/\/api.w.org\/{rel}","templated":true}]}}