{"id":1809,"date":"2010-11-02T20:07:33","date_gmt":"2010-11-02T20:07:33","guid":{"rendered":"http:\/\/floresde.wordpress.com\/"},"modified":"2017-03-31T13:20:03","modified_gmt":"2017-03-31T19:20:03","slug":"mala-onda","status":"publish","type":"page","link":"https:\/\/floresdenieve.cepe.unam.mx\/blog\/index.php\/en-mexico-se-dice\/emociones\/mala-onda\/","title":{"rendered":"Mala onda"},"content":{"rendered":"<h2><strong>Mala onda:<\/strong><\/h2>\n<p>Lo contrario de <strong><span style=\"color: #ff6600;\"><a href=\"http:\/\/www.floresdenieve.cepe.unam.mx\/blog\/?page_id=1731\" target=\"_blank\"><span style=\"color: #ff6600;\">buena onda<\/span><\/a><\/span><\/strong>. Las personas y las situaciones pueden ser mala onda, es decir, desagradables, decepcionantes o causar sentimientos negativos. Es una expresi\u00f3n m\u00e1s o menos informal y com\u00fan en ambientes familiares y de trabajo. La expresi\u00f3n <span style=\"color: #0000ff;\">qu\u00e9 mala onda<\/span> es equivalente a <strong>qu\u00e9 mal,<\/strong> <strong>qu\u00e9 pena, qu\u00e9 l\u00e1stima<\/strong>. Ejemplo:<\/p>\n<p><span style=\"color: #0000ff;\">&#8211;<em>Qu\u00e9 mala onda, ya no alcanzamos descuento en el autob\u00fas para Chiapas. <\/em><\/span>Otras expresiones con <em><span style=\"color: #0000ff;\">mala onda<\/span><\/em>: <strong>(1) No ser mala onda<\/strong> .\u00a0 &#8211;<em><span style=\"color: #0000ff;\">No seas mala onda,\u00a0 c\u00e1mbiame este billete, \u00bfs\u00ed?.\u00a0<\/span><\/em>Quiere decir: <em>s\u00e9 buena persona&#8230;, hazme un favor<\/em>&#8230; <strong>(2) No ser mala onda<\/strong> <span style=\"color: #0000ff;\">&#8211;<em>No es mala onda, pero tu compu ya est\u00e1 muy vieja\u00a0y es muy lenta&#8230; <\/em><\/span>Quiere decir: <em>perdona, pero&#8230; no lo tomes a mal, pero&#8230;<\/em> Es una manera de suavizar una cr\u00edtica o comentario.<\/p>\n<p><!-- p { margin-bottom: 0.21cm; } --><\/p>\n<h3><strong>Ejemplos: <\/strong><\/h3>\n<p>Canci\u00f3n <strong><span style=\"color: #ff6600;\"><a href=\"http:\/\/www.youtube.com\/watch?v=tQb78_LbyG8\"><span style=\"color: #ff6600;\"><em>Qu\u00e9 mala onda<\/em><\/span><\/a><\/span><\/strong>, de Jorge Brise\u00f1o.<\/p>\n<p><em>No, yo tambi\u00e9n me llamo Heriberto, pero mi pap\u00e1 ten\u00eda un compadre con ese nombre y mi mam\u00e1 huy\u00f3 con \u00e9l. <\/em><\/p>\n<p><em>&#8211;<strong><span style=\"color: #0000ff;\">\u00a1Qu\u00e9 mala onda!<\/span><\/strong> Te apuesto a que extra\u00f1aste vivir sin tu mam\u00e1.\u00a0 \u00a0 \u00a0 \u00a0 -\u00bfQui\u00e9n no? Pero como dice un profesor que tuve, ya s\u00f3lo hay familias disfuncionales.<\/em><\/p>\n<p>Texto: fragmento de <em>Apocalipstick, <\/em>de Carlos Monsiv\u00e1is<em>. <\/em>Tomado de:\u00a0<span style=\"color: #ff6600;\"><a href=\"http:\/\/www.elcultural.es\/noticias\/LETRAS\/648\/Leyendo_a_Monsivais\" target=\"_blank\"><span style=\"color: #ff6600;\">http:\/\/www.elcultural.es\/noticias\/LETRAS\/648\/Leyendo_a_Monsivais<\/span><\/a><\/span><\/p>\n<p>&nbsp;<\/p>\n","protected":false},"excerpt":{"rendered":"<p>Mala onda: Lo contrario de buena onda. Las personas y las situaciones pueden ser mala onda, es decir, desagradables, decepcionantes o causar sentimientos negativos. Es una expresi\u00f3n m\u00e1s o menos informal y com\u00fan en ambientes familiares y de trabajo. La expresi\u00f3n qu\u00e9 mala onda es equivalente a qu\u00e9 mal, qu\u00e9 pena, qu\u00e9 l\u00e1stima. Ejemplo: &#8211;Qu\u00e9 &hellip; <a href=\"https:\/\/floresdenieve.cepe.unam.mx\/blog\/index.php\/en-mexico-se-dice\/emociones\/mala-onda\/\" class=\"more-link\">Seguir leyendo <span class=\"screen-reader-text\">Mala onda<\/span> <span class=\"meta-nav\">&rarr;<\/span><\/a><\/p>\n","protected":false},"author":2,"featured_media":0,"parent":1655,"menu_order":0,"comment_status":"open","ping_status":"open","template":"","meta":{"footnotes":""},"_links":{"self":[{"href":"https:\/\/floresdenieve.cepe.unam.mx\/blog\/index.php\/wp-json\/wp\/v2\/pages\/1809"}],"collection":[{"href":"https:\/\/floresdenieve.cepe.unam.mx\/blog\/index.php\/wp-json\/wp\/v2\/pages"}],"about":[{"href":"https:\/\/floresdenieve.cepe.unam.mx\/blog\/index.php\/wp-json\/wp\/v2\/types\/page"}],"author":[{"embeddable":true,"href":"https:\/\/floresdenieve.cepe.unam.mx\/blog\/index.php\/wp-json\/wp\/v2\/users\/2"}],"replies":[{"embeddable":true,"href":"https:\/\/floresdenieve.cepe.unam.mx\/blog\/index.php\/wp-json\/wp\/v2\/comments?post=1809"}],"version-history":[{"count":7,"href":"https:\/\/floresdenieve.cepe.unam.mx\/blog\/index.php\/wp-json\/wp\/v2\/pages\/1809\/revisions"}],"predecessor-version":[{"id":6999,"href":"https:\/\/floresdenieve.cepe.unam.mx\/blog\/index.php\/wp-json\/wp\/v2\/pages\/1809\/revisions\/6999"}],"up":[{"embeddable":true,"href":"https:\/\/floresdenieve.cepe.unam.mx\/blog\/index.php\/wp-json\/wp\/v2\/pages\/1655"}],"wp:attachment":[{"href":"https:\/\/floresdenieve.cepe.unam.mx\/blog\/index.php\/wp-json\/wp\/v2\/media?parent=1809"}],"curies":[{"name":"wp","href":"https:\/\/api.w.org\/{rel}","templated":true}]}}