{"id":1759,"date":"2010-10-22T05:02:26","date_gmt":"2010-10-22T05:02:26","guid":{"rendered":"http:\/\/floresde.wordpress.com\/"},"modified":"2017-03-31T13:07:26","modified_gmt":"2017-03-31T19:07:26","slug":"sacarse-de-onda","status":"publish","type":"page","link":"https:\/\/floresdenieve.cepe.unam.mx\/blog\/index.php\/en-mexico-se-dice\/emociones\/sacarse-de-onda\/","title":{"rendered":"Sacarse de onda"},"content":{"rendered":"<p>Una persona se <span style=\"color: #0000ff;\"><strong>saca de onda <\/strong><\/span>cuando sucede algo negativo o inesperado. \u00a0Puede equivaler a sorprenderse o extra\u00f1arse por algo.\u00a0<strong>Ejemplo:\u00a0<\/strong><span style=\"color: #0000ff;\">&#8211;<\/span><em><span style=\"color: #0000ff;\"><strong>Me sac\u00f3 de onda<\/strong> la noticia del hurac\u00e1n. Hay muchos afectados.<\/span><\/em><\/p>\n<p><span style=\"color: #ff6600;\"> <strong><a style=\"color: #ff6600;\" href=\"http:\/\/www.eluniversal.com.mx\/notas\/643623.html\">Gim\u00e9nez Cacho recibe Premio Luis Bu\u00f1uel<\/a>:\u00a0<\/strong><\/span>&#8220;No creas, cuando comienzan a darte este tipo de homenajes y te dicen el Primer Actor, como que sientes que ya te est\u00e1s haciendo viejo y dices: &#8221; \u00edYa vali\u00f3 ma..!, entonces<strong><span style=\"color: #0000ff;\"> te saca de onda<\/span><\/strong> &#8220;, dijo de muy buen humor&#8230;<\/p>\n<p><span style=\"color: #000000;\"><strong>\u00bfHay algo que los haya sacado de onda en la \u00faltima semana?<\/strong> Comp\u00e1rtanlo en este espacio.<\/span><\/p>\n","protected":false},"excerpt":{"rendered":"<p>Una persona se saca de onda cuando sucede algo negativo o inesperado. \u00a0Puede equivaler a sorprenderse o extra\u00f1arse por algo.\u00a0Ejemplo:\u00a0&#8211;Me sac\u00f3 de onda la noticia del hurac\u00e1n. Hay muchos afectados. Gim\u00e9nez Cacho recibe Premio Luis Bu\u00f1uel:\u00a0&#8220;No creas, cuando comienzan a darte este tipo de homenajes y te dicen el Primer Actor, como que sientes que &hellip; <a href=\"https:\/\/floresdenieve.cepe.unam.mx\/blog\/index.php\/en-mexico-se-dice\/emociones\/sacarse-de-onda\/\" class=\"more-link\">Seguir leyendo <span class=\"screen-reader-text\">Sacarse de onda<\/span> <span class=\"meta-nav\">&rarr;<\/span><\/a><\/p>\n","protected":false},"author":2,"featured_media":0,"parent":1655,"menu_order":0,"comment_status":"open","ping_status":"open","template":"","meta":{"footnotes":""},"_links":{"self":[{"href":"https:\/\/floresdenieve.cepe.unam.mx\/blog\/index.php\/wp-json\/wp\/v2\/pages\/1759"}],"collection":[{"href":"https:\/\/floresdenieve.cepe.unam.mx\/blog\/index.php\/wp-json\/wp\/v2\/pages"}],"about":[{"href":"https:\/\/floresdenieve.cepe.unam.mx\/blog\/index.php\/wp-json\/wp\/v2\/types\/page"}],"author":[{"embeddable":true,"href":"https:\/\/floresdenieve.cepe.unam.mx\/blog\/index.php\/wp-json\/wp\/v2\/users\/2"}],"replies":[{"embeddable":true,"href":"https:\/\/floresdenieve.cepe.unam.mx\/blog\/index.php\/wp-json\/wp\/v2\/comments?post=1759"}],"version-history":[{"count":5,"href":"https:\/\/floresdenieve.cepe.unam.mx\/blog\/index.php\/wp-json\/wp\/v2\/pages\/1759\/revisions"}],"predecessor-version":[{"id":6995,"href":"https:\/\/floresdenieve.cepe.unam.mx\/blog\/index.php\/wp-json\/wp\/v2\/pages\/1759\/revisions\/6995"}],"up":[{"embeddable":true,"href":"https:\/\/floresdenieve.cepe.unam.mx\/blog\/index.php\/wp-json\/wp\/v2\/pages\/1655"}],"wp:attachment":[{"href":"https:\/\/floresdenieve.cepe.unam.mx\/blog\/index.php\/wp-json\/wp\/v2\/media?parent=1759"}],"curies":[{"name":"wp","href":"https:\/\/api.w.org\/{rel}","templated":true}]}}