{"id":1731,"date":"2010-10-14T19:58:17","date_gmt":"2010-10-14T19:58:17","guid":{"rendered":"http:\/\/floresde.wordpress.com\/"},"modified":"2017-03-31T12:54:39","modified_gmt":"2017-03-31T18:54:39","slug":"buena-onda","status":"publish","type":"page","link":"https:\/\/floresdenieve.cepe.unam.mx\/blog\/index.php\/en-mexico-se-dice\/emociones\/buena-onda\/","title":{"rendered":"Buena onda"},"content":{"rendered":"<p>Las personas y las situaciones agradables, amenas y simp\u00e1ticas pueden ser <span style=\"color: #0000ff;\"><strong>buena onda<\/strong><\/span>. La expresi\u00f3n \u201c<span style=\"color: #0000ff;\">qu\u00e9 buena onda<\/span>\u201d es equivalente a <strong>qu\u00e9 bien<\/strong> o <strong>qu\u00e9 bueno<\/strong>.\u00a0<strong>Ejemplos:\u00a0<\/strong><\/p>\n<p><em>-Mis compa\u00f1eros son muy <span style=\"color: #0000ff;\">buena onda<\/span><\/em><\/p>\n<p><em>&#8211;<span style=\"color: #0000ff;\">Qu\u00e9 buena onda que<\/span> la maestra acept\u00f3 que le entreguemos el trabajo hasta el pr\u00f3ximo lunes<\/em><\/p>\n<p><span style=\"color: #0000ff;\"><a href=\"http:\/\/www.eluniversal.com.mx\/espectaculos\/94209.html\"><span style=\"color: #0000ff;\">Es un Ignacio Allende* humano y de buena onda<\/span><\/a><\/span><\/p>\n<p>*Allende particip\u00f3 en el movimiento de\u00a0 Independencia de M\u00e9xico<\/p>\n<p><strong>\u00bfCon qu\u00e9 verbos se usa esta expresi\u00f3n?\u00a0<\/strong>Normalmente la utilizamos con el verbo <span style=\"text-decoration: underline;\"><strong>ser<\/strong><\/span>.<\/p>\n<p>Conoce la diferencia entre<a href=\"http:\/\/www.floresdenieve.cepe.unam.mx\/blog\/?page_id=1771\" target=\"_blank\"> Buena onda y chido<\/a><\/p>\n<p><span style=\"color: #000080;\">Compartan en este espacio\u00a0 otros usos o expresiones que escuchen con la expresi\u00f3n <strong><em>buena onda<\/em><\/strong>.<\/span><\/p>\n","protected":false},"excerpt":{"rendered":"<p>Las personas y las situaciones agradables, amenas y simp\u00e1ticas pueden ser buena onda. La expresi\u00f3n \u201cqu\u00e9 buena onda\u201d es equivalente a qu\u00e9 bien o qu\u00e9 bueno.\u00a0Ejemplos:\u00a0 -Mis compa\u00f1eros son muy buena onda &#8211;Qu\u00e9 buena onda que la maestra acept\u00f3 que le entreguemos el trabajo hasta el pr\u00f3ximo lunes Es un Ignacio Allende* humano y de &hellip; <a href=\"https:\/\/floresdenieve.cepe.unam.mx\/blog\/index.php\/en-mexico-se-dice\/emociones\/buena-onda\/\" class=\"more-link\">Seguir leyendo <span class=\"screen-reader-text\">Buena onda<\/span> <span class=\"meta-nav\">&rarr;<\/span><\/a><\/p>\n","protected":false},"author":2,"featured_media":0,"parent":1655,"menu_order":0,"comment_status":"open","ping_status":"open","template":"","meta":{"footnotes":""},"_links":{"self":[{"href":"https:\/\/floresdenieve.cepe.unam.mx\/blog\/index.php\/wp-json\/wp\/v2\/pages\/1731"}],"collection":[{"href":"https:\/\/floresdenieve.cepe.unam.mx\/blog\/index.php\/wp-json\/wp\/v2\/pages"}],"about":[{"href":"https:\/\/floresdenieve.cepe.unam.mx\/blog\/index.php\/wp-json\/wp\/v2\/types\/page"}],"author":[{"embeddable":true,"href":"https:\/\/floresdenieve.cepe.unam.mx\/blog\/index.php\/wp-json\/wp\/v2\/users\/2"}],"replies":[{"embeddable":true,"href":"https:\/\/floresdenieve.cepe.unam.mx\/blog\/index.php\/wp-json\/wp\/v2\/comments?post=1731"}],"version-history":[{"count":12,"href":"https:\/\/floresdenieve.cepe.unam.mx\/blog\/index.php\/wp-json\/wp\/v2\/pages\/1731\/revisions"}],"predecessor-version":[{"id":6989,"href":"https:\/\/floresdenieve.cepe.unam.mx\/blog\/index.php\/wp-json\/wp\/v2\/pages\/1731\/revisions\/6989"}],"up":[{"embeddable":true,"href":"https:\/\/floresdenieve.cepe.unam.mx\/blog\/index.php\/wp-json\/wp\/v2\/pages\/1655"}],"wp:attachment":[{"href":"https:\/\/floresdenieve.cepe.unam.mx\/blog\/index.php\/wp-json\/wp\/v2\/media?parent=1731"}],"curies":[{"name":"wp","href":"https:\/\/api.w.org\/{rel}","templated":true}]}}