{"id":1436,"date":"2010-06-22T19:14:15","date_gmt":"2010-06-22T19:14:15","guid":{"rendered":"http:\/\/floresde.wordpress.com\/"},"modified":"2017-05-14T07:40:44","modified_gmt":"2017-05-14T13:40:44","slug":"heidelberg","status":"publish","type":"page","link":"https:\/\/floresdenieve.cepe.unam.mx\/blog\/index.php\/nuestros-paises-2\/alemania\/heidelberg\/","title":{"rendered":"Heidelberg"},"content":{"rendered":"<p><img decoding=\"async\" loading=\"lazy\" class=\"alignleft size-full wp-image-7092\" src=\"http:\/\/www.floresdenieve.cepe.unam.mx\/blog\/wp-content\/uploads\/2010\/06\/Heidelberg.jpg\" alt=\"\" width=\"277\" height=\"182\" \/>por Steffi<\/p>\n<p>Si no has visitado alg\u00fan castillo, no conoces bien Alemania.<\/p>\n<p><a href=\"http:\/\/www.floresdenieve.cepe.unam.mx\/blog\/wp-content\/uploads\/2010\/06\/Heidelberg.jpg\"><br \/>\n<\/a>En Alemania tenemos muchos castillos y uno de los castillos m\u00e1s famosos lo puedes visitar en la ciudad de Heidelberg, una ciudad en el suroeste del pa\u00eds. Heidelberg es considerada la ciudad m\u00e1s rom\u00e1ntica en Alemania y su castillo fue construido en el siglo XIII. Originalmente era un castillo para la defensa y despu\u00e9s fue la residencia de algunos pr\u00edncipes. A m\u00ed me gusta mucho porque desde el castillo tienes una vista incre\u00edble a la ciudad y su centro hist\u00f3rico y cada verano, en agosto, hay un gran festival en el castillo con fuegos artificiales. En mayo de 2010 Heidelberg, con su castillo, fue elegida como el destino n\u00famero 2 de los destinos m\u00e1s atractivos del mundo por los miembros de la comunidad de internet \u201cTripAdvisor\u201d.<\/p>\n","protected":false},"excerpt":{"rendered":"<p>por Steffi Si no has visitado alg\u00fan castillo, no conoces bien Alemania. En Alemania tenemos muchos castillos y uno de los castillos m\u00e1s famosos lo puedes visitar en la ciudad de Heidelberg, una ciudad en el suroeste del pa\u00eds. Heidelberg es considerada la ciudad m\u00e1s rom\u00e1ntica en Alemania y su castillo fue construido en el &hellip; <a href=\"https:\/\/floresdenieve.cepe.unam.mx\/blog\/index.php\/nuestros-paises-2\/alemania\/heidelberg\/\" class=\"more-link\">Seguir leyendo <span class=\"screen-reader-text\">Heidelberg<\/span> <span class=\"meta-nav\">&rarr;<\/span><\/a><\/p>\n","protected":false},"author":2,"featured_media":0,"parent":6934,"menu_order":0,"comment_status":"open","ping_status":"open","template":"","meta":{"footnotes":""},"_links":{"self":[{"href":"https:\/\/floresdenieve.cepe.unam.mx\/blog\/index.php\/wp-json\/wp\/v2\/pages\/1436"}],"collection":[{"href":"https:\/\/floresdenieve.cepe.unam.mx\/blog\/index.php\/wp-json\/wp\/v2\/pages"}],"about":[{"href":"https:\/\/floresdenieve.cepe.unam.mx\/blog\/index.php\/wp-json\/wp\/v2\/types\/page"}],"author":[{"embeddable":true,"href":"https:\/\/floresdenieve.cepe.unam.mx\/blog\/index.php\/wp-json\/wp\/v2\/users\/2"}],"replies":[{"embeddable":true,"href":"https:\/\/floresdenieve.cepe.unam.mx\/blog\/index.php\/wp-json\/wp\/v2\/comments?post=1436"}],"version-history":[{"count":9,"href":"https:\/\/floresdenieve.cepe.unam.mx\/blog\/index.php\/wp-json\/wp\/v2\/pages\/1436\/revisions"}],"predecessor-version":[{"id":7093,"href":"https:\/\/floresdenieve.cepe.unam.mx\/blog\/index.php\/wp-json\/wp\/v2\/pages\/1436\/revisions\/7093"}],"up":[{"embeddable":true,"href":"https:\/\/floresdenieve.cepe.unam.mx\/blog\/index.php\/wp-json\/wp\/v2\/pages\/6934"}],"wp:attachment":[{"href":"https:\/\/floresdenieve.cepe.unam.mx\/blog\/index.php\/wp-json\/wp\/v2\/media?parent=1436"}],"curies":[{"name":"wp","href":"https:\/\/api.w.org\/{rel}","templated":true}]}}