{"id":1313,"date":"2010-06-10T16:37:37","date_gmt":"2010-06-10T16:37:37","guid":{"rendered":"http:\/\/floresde.wordpress.com\/"},"modified":"2017-05-14T18:32:09","modified_gmt":"2017-05-15T00:32:09","slug":"sobre-suiza","status":"publish","type":"page","link":"https:\/\/floresdenieve.cepe.unam.mx\/blog\/index.php\/nuestros-paises-2\/suiza\/sobre-suiza\/","title":{"rendered":"Sobre Suiza"},"content":{"rendered":"<p><strong>por Alex<\/strong><\/p>\n<p><img decoding=\"async\" loading=\"lazy\" class=\"alignleft wp-image-7131\" src=\"http:\/\/www.floresdenieve.cepe.unam.mx\/blog\/wp-content\/uploads\/2010\/06\/suizachoco.jpg\" alt=\"\" width=\"179\" height=\"179\" srcset=\"https:\/\/floresdenieve.cepe.unam.mx\/blog\/wp-content\/uploads\/2010\/06\/suizachoco.jpg 225w, https:\/\/floresdenieve.cepe.unam.mx\/blog\/wp-content\/uploads\/2010\/06\/suizachoco-150x150.jpg 150w\" sizes=\"(max-width: 179px) 100vw, 179px\" \/>Si no has ido a Suiza, te vas a perder un pa\u00eds muy rico tanto por sus paisajes como por las diferentes\u00a0 culturas (idiomas). Si no has probado el chocolate de Suiza es que te faltar\u00e1 algo en tu vida, jaja\u2026 Porque el chocolate de suiza es para nosotros uno de los mejores del mundo, por sus sabores delicosos\u2026 Por persona somos capaces de comer hasta 12kg al a\u00f1o\u2026.. Si no has ido a los Alpes, te falta ver una de las mas maravillosas cadenas monta\u00f1osas que hay en mi pa\u00eds y en Europa. Tambi\u00e9n, si no has probado las famosas \u00a8FONDUE\u00a8 y \u00a8RACLETTE\u00a8con el queso m\u00e1s rico del mundo, pienso que jam\u00e1s tendr\u00e1s tu vida llena&#8230;<\/p>\n<p>_________________________________________<\/p>\n<div><strong>por Noham<\/strong><\/div>\n<div>Soy de Suiza pero la descubro mas en profundidad solamente desde hace poco tiempo, porque he viajado mucho. Los transportes p\u00fablicos son excelent\u00edsimos, hay un medio para llegar a todos la lugares aunque tu vivas en el m\u00e1s peque\u00f1ito pueblo. Los r\u00edos son limp\u00edsimos, hay una tradici\u00f3n en verano en Berna y Basilea la gente compra pelotas de aire y se dejan ir con la corriente!<\/div>\n","protected":false},"excerpt":{"rendered":"<p>por Alex Si no has ido a Suiza, te vas a perder un pa\u00eds muy rico tanto por sus paisajes como por las diferentes\u00a0 culturas (idiomas). Si no has probado el chocolate de Suiza es que te faltar\u00e1 algo en tu vida, jaja\u2026 Porque el chocolate de suiza es para nosotros uno de los mejores &hellip; <a href=\"https:\/\/floresdenieve.cepe.unam.mx\/blog\/index.php\/nuestros-paises-2\/suiza\/sobre-suiza\/\" class=\"more-link\">Seguir leyendo <span class=\"screen-reader-text\">Sobre Suiza<\/span> <span class=\"meta-nav\">&rarr;<\/span><\/a><\/p>\n","protected":false},"author":2,"featured_media":0,"parent":6949,"menu_order":0,"comment_status":"open","ping_status":"open","template":"","meta":{"footnotes":""},"_links":{"self":[{"href":"https:\/\/floresdenieve.cepe.unam.mx\/blog\/index.php\/wp-json\/wp\/v2\/pages\/1313"}],"collection":[{"href":"https:\/\/floresdenieve.cepe.unam.mx\/blog\/index.php\/wp-json\/wp\/v2\/pages"}],"about":[{"href":"https:\/\/floresdenieve.cepe.unam.mx\/blog\/index.php\/wp-json\/wp\/v2\/types\/page"}],"author":[{"embeddable":true,"href":"https:\/\/floresdenieve.cepe.unam.mx\/blog\/index.php\/wp-json\/wp\/v2\/users\/2"}],"replies":[{"embeddable":true,"href":"https:\/\/floresdenieve.cepe.unam.mx\/blog\/index.php\/wp-json\/wp\/v2\/comments?post=1313"}],"version-history":[{"count":8,"href":"https:\/\/floresdenieve.cepe.unam.mx\/blog\/index.php\/wp-json\/wp\/v2\/pages\/1313\/revisions"}],"predecessor-version":[{"id":7132,"href":"https:\/\/floresdenieve.cepe.unam.mx\/blog\/index.php\/wp-json\/wp\/v2\/pages\/1313\/revisions\/7132"}],"up":[{"embeddable":true,"href":"https:\/\/floresdenieve.cepe.unam.mx\/blog\/index.php\/wp-json\/wp\/v2\/pages\/6949"}],"wp:attachment":[{"href":"https:\/\/floresdenieve.cepe.unam.mx\/blog\/index.php\/wp-json\/wp\/v2\/media?parent=1313"}],"curies":[{"name":"wp","href":"https:\/\/api.w.org\/{rel}","templated":true}]}}