{"id":11476,"date":"2023-12-11T18:48:00","date_gmt":"2023-12-12T00:48:00","guid":{"rendered":"https:\/\/floresdenieve.cepe.unam.mx\/blog\/?page_id=11476"},"modified":"2023-12-02T19:49:37","modified_gmt":"2023-12-03T01:49:37","slug":"cambios-en-la-lengua-espanola","status":"publish","type":"page","link":"https:\/\/floresdenieve.cepe.unam.mx\/blog\/index.php\/cambios-en-la-lengua-espanola\/","title":{"rendered":"Cambios en la lengua espa\u00f1ola"},"content":{"rendered":"\n<p> <p class=\"MsoNormal\">En el a\u00f1o 2009 (\u00a1hace muchos a\u00f1os!) la Revista Digital Universitaria public\u00f3 un n\u00famero sobre <span style=\"mso-spacerun:yes\">\u00a0<\/span>importantes cambios que ocurren en la lengua que hablamos todos los d\u00edas en diferentes ambientes (laboral, familiar, escolar, entre otros). <span style=\"mso-spacerun:yes\">\u00a0<\/span>En la entrevista a la investigadora Marcela Flores, que podr\u00e1s leer en la portada, se menciona el impacto de estos cambios en los hablantes. \u00bfHablas ahora igual que como lo hac\u00edas hace 10 a\u00f1os o m\u00e1s? \u00bfQu\u00e9 cambios identificas? Conoce m\u00e1s en <a href=\"https:\/\/www.revista.unam.mx\/vol.10\/num3\/art16\/int16.htm\">https:\/\/www.revista.unam.mx\/vol.10\/num3\/art16\/int16.htm<\/a><\/p><\/p>\n\n\n\n<figure class=\"wp-block-image size-full is-resized\"><img decoding=\"async\" loading=\"lazy\" width=\"939\" height=\"159\" src=\"https:\/\/floresdenieve.cepe.unam.mx\/blog\/wp-content\/uploads\/2023\/12\/redu-2009.jpg\" alt=\"\" class=\"wp-image-11477\" style=\"aspect-ratio:5.90566037735849;width:541px;height:auto\" srcset=\"https:\/\/floresdenieve.cepe.unam.mx\/blog\/wp-content\/uploads\/2023\/12\/redu-2009.jpg 939w, https:\/\/floresdenieve.cepe.unam.mx\/blog\/wp-content\/uploads\/2023\/12\/redu-2009-300x51.jpg 300w, https:\/\/floresdenieve.cepe.unam.mx\/blog\/wp-content\/uploads\/2023\/12\/redu-2009-768x130.jpg 768w\" sizes=\"(max-width: 939px) 100vw, 939px\" \/><\/figure>\n","protected":false},"excerpt":{"rendered":"<p>En el a\u00f1o 2009 (\u00a1hace muchos a\u00f1os!) la Revista Digital Universitaria public\u00f3 un n\u00famero sobre \u00a0importantes cambios que ocurren en la lengua que hablamos todos los d\u00edas en diferentes ambientes (laboral, familiar, escolar, entre otros). \u00a0En la entrevista a la investigadora Marcela Flores, que podr\u00e1s leer en la portada, se menciona el impacto de estos &hellip; <a href=\"https:\/\/floresdenieve.cepe.unam.mx\/blog\/index.php\/cambios-en-la-lengua-espanola\/\" class=\"more-link\">Seguir leyendo <span class=\"screen-reader-text\">Cambios en la lengua espa\u00f1ola<\/span> <span class=\"meta-nav\">&rarr;<\/span><\/a><\/p>\n","protected":false},"author":1,"featured_media":0,"parent":0,"menu_order":0,"comment_status":"open","ping_status":"closed","template":"","meta":{"footnotes":""},"_links":{"self":[{"href":"https:\/\/floresdenieve.cepe.unam.mx\/blog\/index.php\/wp-json\/wp\/v2\/pages\/11476"}],"collection":[{"href":"https:\/\/floresdenieve.cepe.unam.mx\/blog\/index.php\/wp-json\/wp\/v2\/pages"}],"about":[{"href":"https:\/\/floresdenieve.cepe.unam.mx\/blog\/index.php\/wp-json\/wp\/v2\/types\/page"}],"author":[{"embeddable":true,"href":"https:\/\/floresdenieve.cepe.unam.mx\/blog\/index.php\/wp-json\/wp\/v2\/users\/1"}],"replies":[{"embeddable":true,"href":"https:\/\/floresdenieve.cepe.unam.mx\/blog\/index.php\/wp-json\/wp\/v2\/comments?post=11476"}],"version-history":[{"count":1,"href":"https:\/\/floresdenieve.cepe.unam.mx\/blog\/index.php\/wp-json\/wp\/v2\/pages\/11476\/revisions"}],"predecessor-version":[{"id":11478,"href":"https:\/\/floresdenieve.cepe.unam.mx\/blog\/index.php\/wp-json\/wp\/v2\/pages\/11476\/revisions\/11478"}],"wp:attachment":[{"href":"https:\/\/floresdenieve.cepe.unam.mx\/blog\/index.php\/wp-json\/wp\/v2\/media?parent=11476"}],"curies":[{"name":"wp","href":"https:\/\/api.w.org\/{rel}","templated":true}]}}